{"id":1071,"date":"2015-12-14T07:14:55","date_gmt":"2015-12-14T07:14:55","guid":{"rendered":"http:\/\/consulting.stylemixthemes.com\/?page_id=2"},"modified":"2021-01-20T11:20:12","modified_gmt":"2021-01-20T10:20:12","slug":"domu","status":"publish","type":"page","link":"https:\/\/neuronconsulting.com\/en\/","title":{"rendered":"Home"},"content":{"rendered":"<div class=\"wpb-content-wrapper\"><p>[vc_row css=&#8221;.vc_custom_1461134371794{margin-bottom: 0px !important;}&#8221;][vc_column offset=&#8221;vc_hidden-xs&#8221;][rev_slider_vc alias=&#8221;main-slider-en&#8221;][\/vc_column][\/vc_row][vc_row][vc_column][vc_empty_space height=&#8221;15px&#8221;][vc_column_text]\n\t\t<style>\n\t\t\t#wpls-logo-showcase-slider-1 .wpls-fix-box,\n\t\t\t#wpls-logo-showcase-slider-1 .wpls-fix-box img.wp-post-image{max-height:250px; }\n\t\t<\/style>\n\n\t\t<div class=\"wpls-wrap wpls-logo-showcase-slider-wrp wpls-logo-clearfix wpls-design-1 \" data-conf=\"{&quot;slides_column&quot;:&quot;4&quot;,&quot;slides_scroll&quot;:&quot;1&quot;,&quot;dots&quot;:&quot;false&quot;,&quot;arrows&quot;:&quot;false&quot;,&quot;autoplay&quot;:&quot;true&quot;,&quot;autoplay_interval&quot;:3000,&quot;loop&quot;:&quot;true&quot;,&quot;rtl&quot;:&quot;false&quot;,&quot;speed&quot;:800,&quot;center_mode&quot;:&quot;false&quot;,&quot;lazyload&quot;:&quot;&quot;}\">\n\t\t\t<div class=\"wpls-logo-showcase logo_showcase wpls-logo-slider  sliderimage_hide_border wpls-dots-false\" id=\"wpls-logo-showcase-slider-1\" >\n\t\t\t\t<div class=\"wpls-logo-cnt\">\n\t<div class=\"wpls-fix-box\">\n\t\t\t\t<a href=\"https:\/\/www.ekova.cz\/images\/logo.png\" target=\"_self\">\n\t\t\t<img decoding=\"async\" class=\"wp-post-image lazyload\"  data-src=\"https:\/\/neuronconsulting.com\/wp-content\/uploads\/2018\/10\/logo-4-150x114.png\" alt=\"\" src=\"data:image\/svg+xml;base64,PHN2ZyB3aWR0aD0iMSIgaGVpZ2h0PSIxIiB4bWxucz0iaHR0cDovL3d3dy53My5vcmcvMjAwMC9zdmciPjwvc3ZnPg==\" style=\"--smush-placeholder-width: 150px; --smush-placeholder-aspect-ratio: 150\/114;\" \/>\n\t\t<\/a>\n\t\t\t<\/div>\n\t<\/div><div class=\"wpls-logo-cnt\">\n\t<div class=\"wpls-fix-box\">\n\t\t\t\t<img decoding=\"async\" class=\"wp-post-image lazyload\"  data-src=\"https:\/\/neuronconsulting.com\/wp-content\/uploads\/2017\/10\/batz-150x46.png\" alt=\"\" src=\"data:image\/svg+xml;base64,PHN2ZyB3aWR0aD0iMSIgaGVpZ2h0PSIxIiB4bWxucz0iaHR0cDovL3d3dy53My5vcmcvMjAwMC9zdmciPjwvc3ZnPg==\" style=\"--smush-placeholder-width: 150px; --smush-placeholder-aspect-ratio: 150\/46;\" \/>\n\t\t\t<\/div>\n\t<\/div><div class=\"wpls-logo-cnt\">\n\t<div class=\"wpls-fix-box\">\n\t\t\t\t<img decoding=\"async\" class=\"wp-post-image lazyload\"  data-src=\"https:\/\/neuronconsulting.com\/wp-content\/uploads\/2017\/10\/okd-150x41.png\" alt=\"\" src=\"data:image\/svg+xml;base64,PHN2ZyB3aWR0aD0iMSIgaGVpZ2h0PSIxIiB4bWxucz0iaHR0cDovL3d3dy53My5vcmcvMjAwMC9zdmciPjwvc3ZnPg==\" style=\"--smush-placeholder-width: 150px; --smush-placeholder-aspect-ratio: 150\/41;\" \/>\n\t\t\t<\/div>\n\t<\/div><div class=\"wpls-logo-cnt\">\n\t<div class=\"wpls-fix-box\">\n\t\t\t\t<img decoding=\"async\" class=\"wp-post-image lazyload\"  data-src=\"https:\/\/neuronconsulting.com\/wp-content\/uploads\/2017\/10\/kofola-150x61.png\" alt=\"\" src=\"data:image\/svg+xml;base64,PHN2ZyB3aWR0aD0iMSIgaGVpZ2h0PSIxIiB4bWxucz0iaHR0cDovL3d3dy53My5vcmcvMjAwMC9zdmciPjwvc3ZnPg==\" style=\"--smush-placeholder-width: 150px; --smush-placeholder-aspect-ratio: 150\/61;\" \/>\n\t\t\t<\/div>\n\t<\/div><div class=\"wpls-logo-cnt\">\n\t<div class=\"wpls-fix-box\">\n\t\t\t\t<img decoding=\"async\" class=\"wp-post-image lazyload\"  data-src=\"https:\/\/neuronconsulting.com\/wp-content\/uploads\/2017\/10\/bochemie-150x42.png\" alt=\"\" src=\"data:image\/svg+xml;base64,PHN2ZyB3aWR0aD0iMSIgaGVpZ2h0PSIxIiB4bWxucz0iaHR0cDovL3d3dy53My5vcmcvMjAwMC9zdmciPjwvc3ZnPg==\" style=\"--smush-placeholder-width: 150px; --smush-placeholder-aspect-ratio: 150\/42;\" \/>\n\t\t\t<\/div>\n\t<\/div><div class=\"wpls-logo-cnt\">\n\t<div class=\"wpls-fix-box\">\n\t\t\t\t<img decoding=\"async\" class=\"wp-post-image lazyload\"  data-src=\"https:\/\/neuronconsulting.com\/wp-content\/uploads\/2017\/10\/hotjet-150x42.png\" alt=\"\" src=\"data:image\/svg+xml;base64,PHN2ZyB3aWR0aD0iMSIgaGVpZ2h0PSIxIiB4bWxucz0iaHR0cDovL3d3dy53My5vcmcvMjAwMC9zdmciPjwvc3ZnPg==\" style=\"--smush-placeholder-width: 150px; --smush-placeholder-aspect-ratio: 150\/42;\" \/>\n\t\t\t<\/div>\n\t<\/div><div class=\"wpls-logo-cnt\">\n\t<div class=\"wpls-fix-box\">\n\t\t\t\t<img decoding=\"async\" class=\"wp-post-image lazyload\"  data-src=\"https:\/\/neuronconsulting.com\/wp-content\/uploads\/2017\/10\/shimano-150x20.png\" alt=\"\" src=\"data:image\/svg+xml;base64,PHN2ZyB3aWR0aD0iMSIgaGVpZ2h0PSIxIiB4bWxucz0iaHR0cDovL3d3dy53My5vcmcvMjAwMC9zdmciPjwvc3ZnPg==\" style=\"--smush-placeholder-width: 150px; --smush-placeholder-aspect-ratio: 150\/20;\" \/>\n\t\t\t<\/div>\n\t<\/div><div class=\"wpls-logo-cnt\">\n\t<div class=\"wpls-fix-box\">\n\t\t\t\t<img decoding=\"async\" class=\"wp-post-image lazyload\"  data-src=\"https:\/\/neuronconsulting.com\/wp-content\/uploads\/2017\/10\/vsb-129x150.png\" alt=\"\" src=\"data:image\/svg+xml;base64,PHN2ZyB3aWR0aD0iMSIgaGVpZ2h0PSIxIiB4bWxucz0iaHR0cDovL3d3dy53My5vcmcvMjAwMC9zdmciPjwvc3ZnPg==\" style=\"--smush-placeholder-width: 129px; --smush-placeholder-aspect-ratio: 129\/150;\" \/>\n\t\t\t<\/div>\n\t<\/div><div class=\"wpls-logo-cnt\">\n\t<div class=\"wpls-fix-box\">\n\t\t\t\t<img decoding=\"async\" class=\"wp-post-image lazyload\"  data-src=\"https:\/\/neuronconsulting.com\/wp-content\/uploads\/2017\/10\/moelcykle.png\" alt=\"\" src=\"data:image\/svg+xml;base64,PHN2ZyB3aWR0aD0iMSIgaGVpZ2h0PSIxIiB4bWxucz0iaHR0cDovL3d3dy53My5vcmcvMjAwMC9zdmciPjwvc3ZnPg==\" style=\"--smush-placeholder-width: 125px; --smush-placeholder-aspect-ratio: 125\/60;\" \/>\n\t\t\t<\/div>\n\t<\/div><div class=\"wpls-logo-cnt\">\n\t<div class=\"wpls-fix-box\">\n\t\t\t\t<img decoding=\"async\" class=\"wp-post-image lazyload\"  data-src=\"https:\/\/neuronconsulting.com\/wp-content\/uploads\/2017\/10\/alfa-plastik-150x21.png\" alt=\"\" src=\"data:image\/svg+xml;base64,PHN2ZyB3aWR0aD0iMSIgaGVpZ2h0PSIxIiB4bWxucz0iaHR0cDovL3d3dy53My5vcmcvMjAwMC9zdmciPjwvc3ZnPg==\" style=\"--smush-placeholder-width: 150px; --smush-placeholder-aspect-ratio: 150\/21;\" \/>\n\t\t\t<\/div>\n\t<\/div><div class=\"wpls-logo-cnt\">\n\t<div class=\"wpls-fix-box\">\n\t\t\t\t<img decoding=\"async\" class=\"wp-post-image lazyload\"  data-src=\"https:\/\/neuronconsulting.com\/wp-content\/uploads\/2017\/10\/hartmann-150x78.png\" alt=\"\" src=\"data:image\/svg+xml;base64,PHN2ZyB3aWR0aD0iMSIgaGVpZ2h0PSIxIiB4bWxucz0iaHR0cDovL3d3dy53My5vcmcvMjAwMC9zdmciPjwvc3ZnPg==\" style=\"--smush-placeholder-width: 150px; --smush-placeholder-aspect-ratio: 150\/78;\" \/>\n\t\t\t<\/div>\n\t<\/div><div class=\"wpls-logo-cnt\">\n\t<div class=\"wpls-fix-box\">\n\t\t\t\t<img decoding=\"async\" class=\"wp-post-image lazyload\"  data-src=\"https:\/\/neuronconsulting.com\/wp-content\/uploads\/2017\/10\/ovak-150x59.png\" alt=\"\" src=\"data:image\/svg+xml;base64,PHN2ZyB3aWR0aD0iMSIgaGVpZ2h0PSIxIiB4bWxucz0iaHR0cDovL3d3dy53My5vcmcvMjAwMC9zdmciPjwvc3ZnPg==\" style=\"--smush-placeholder-width: 150px; --smush-placeholder-aspect-ratio: 150\/59;\" \/>\n\t\t\t<\/div>\n\t<\/div><div class=\"wpls-logo-cnt\">\n\t<div class=\"wpls-fix-box\">\n\t\t\t\t<img decoding=\"async\" class=\"wp-post-image lazyload\"  data-src=\"https:\/\/neuronconsulting.com\/wp-content\/uploads\/2017\/10\/Husqvarna-150x31.png\" alt=\"\" src=\"data:image\/svg+xml;base64,PHN2ZyB3aWR0aD0iMSIgaGVpZ2h0PSIxIiB4bWxucz0iaHR0cDovL3d3dy53My5vcmcvMjAwMC9zdmciPjwvc3ZnPg==\" style=\"--smush-placeholder-width: 150px; --smush-placeholder-aspect-ratio: 150\/31;\" \/>\n\t\t\t<\/div>\n\t<\/div><div class=\"wpls-logo-cnt\">\n\t<div class=\"wpls-fix-box\">\n\t\t\t\t<img decoding=\"async\" class=\"wp-post-image lazyload\"  data-src=\"https:\/\/neuronconsulting.com\/wp-content\/uploads\/2017\/10\/pf_plasty-150x84.png\" alt=\"\" src=\"data:image\/svg+xml;base64,PHN2ZyB3aWR0aD0iMSIgaGVpZ2h0PSIxIiB4bWxucz0iaHR0cDovL3d3dy53My5vcmcvMjAwMC9zdmciPjwvc3ZnPg==\" style=\"--smush-placeholder-width: 150px; --smush-placeholder-aspect-ratio: 150\/84;\" \/>\n\t\t\t<\/div>\n\t<\/div><div class=\"wpls-logo-cnt\">\n\t<div class=\"wpls-fix-box\">\n\t\t\t\t<img decoding=\"async\" class=\"wp-post-image lazyload\"  data-src=\"https:\/\/neuronconsulting.com\/wp-content\/uploads\/2017\/10\/bekaert-150x60.jpg\" alt=\"\" src=\"data:image\/svg+xml;base64,PHN2ZyB3aWR0aD0iMSIgaGVpZ2h0PSIxIiB4bWxucz0iaHR0cDovL3d3dy53My5vcmcvMjAwMC9zdmciPjwvc3ZnPg==\" style=\"--smush-placeholder-width: 150px; --smush-placeholder-aspect-ratio: 150\/60;\" \/>\n\t\t\t<\/div>\n\t<\/div>\t\t\t<\/div>\n\t\t<\/div>\n\n\t\t[\/vc_column_text][\/vc_column][\/vc_row][vc_row full_width=&#8221;stretch_row&#8221; el_class=&#8221;third_bg_color&#8221;][vc_column][vc_cta h2=&#8221;Are you looking for a way to change your company?&#8221; shape=&#8221;square&#8221; style=&#8221;flat&#8221; add_button=&#8221;right&#8221; btn_title=&#8221;Find out&#8221; btn_style=&#8221;flat&#8221; btn_color=&#8221;theme_style_2&#8243; btn_align=&#8221;right&#8221; btn_i_align=&#8221;right&#8221; btn_i_icon_fontawesome=&#8221;fa fa-chevron-right&#8221; btn_add_icon=&#8221;true&#8221; btn_link=&#8221;url:http%3A%2F%2Fneuronconsulting.com%2Fnase-sluzby%2F|||&#8221; el_class=&#8221;third_bg_color&#8221;][\/vc_cta][\/vc_column][\/vc_row][vc_row full_width=&#8221;stretch_row&#8221; css=&#8221;.vc_custom_1500373464957{margin-bottom: 61px !important;padding-top: 37px !important;padding-bottom: 45px !important;background-image: url(http:\/\/neuronconsulting.com\/wp-content\/uploads\/2015\/12\/K\u0159ivky-pozad\u00ed.png?id=2989) !important;background-position: center !important;background-repeat: no-repeat !important;background-size: cover !important;}&#8221; el_class=&#8221;overlay_4 fixed_bg&#8221;][vc_column][vc_custom_heading stripe_pos=&#8221;hide&#8221; text=&#8221;We use experts who just do not speak,<br \/>\n<mark>but solves.<\/mark>&#8221; font_container=&#8221;tag:h5|font_size:28px|text_align:center|color:%23ffffff|line_height:34px&#8221; use_theme_fonts=&#8221;yes&#8221; stripe_hide=&#8221;yes&#8221;][vc_row_inner][vc_column_inner width=&#8221;1\/3&#8243;][stm_stats_counter counter_value=&#8221;250&#8243; counter_value_suf=&#8221;+&#8221; title=&#8221;satisfied partners&#8221;][\/vc_column_inner][vc_column_inner width=&#8221;1\/3&#8243;][stm_stats_counter counter_value=&#8221;65&#8243; counter_value_suf=&#8221;%&#8221; title=&#8221;of our business partners use our services repeatedly&#8221;][\/vc_column_inner][vc_column_inner width=&#8221;1\/3&#8243;][stm_stats_counter counter_value=&#8221;5500&#8243; counter_value_suf=&#8221;+&#8221; title=&#8221;trained employees&#8221;][\/vc_column_inner][\/vc_row_inner][\/vc_column][\/vc_row][vc_row full_width=&#8221;stretch_row&#8221; css=&#8221;.vc_custom_1461156077642{padding-top: 66px !important;padding-bottom: 80px !important;background-color: #f2f2f2 !important;}&#8221;][vc_column css=&#8221;.vc_custom_1497986702800{background-color: #f2f2f2 !important;}&#8221;][vc_custom_heading text=&#8221;Testmonials&#8221; font_container=&#8221;tag:h1|text_align:center&#8221; use_theme_fonts=&#8221;yes&#8221; css=&#8221;.vc_custom_1495099566136{margin-bottom: 39px !important;}&#8221;][stm_testimonials_carousel style=&#8221;style_2&#8243; count=&#8221;1&#8243; per_row=&#8221;1&#8243; autoplay_carousel=&#8221;yes&#8221; disable_carousel_arrows=&#8221;yes&#8221; link=&#8221;url:http%3A%2F%2Fconsulting.loc%2Flayout-7%2Ftestimonials-page%2F||&#8221; css=&#8221;.vc_custom_1497986791977{background-color: #f2f2f2 !important;}&#8221;][\/vc_column][\/vc_row][vc_row full_width=&#8221;stretch_row&#8221; css=&#8221;.vc_custom_1500373477566{margin-bottom: 0px !important;padding-top: 77px !important;padding-bottom: 59px !important;background-image: url(http:\/\/neuronconsulting.com\/wp-content\/uploads\/2015\/12\/K\u0159ivky-pozad\u00ed.png?id=2989) !important;background-position: center !important;background-repeat: no-repeat !important;background-size: cover !important;}&#8221; el_class=&#8221;overlay_4 fixed_bg&#8221;][vc_column][vc_custom_heading stripe_pos=&#8221;hide&#8221; text=&#8221;Our Values&#8221; font_container=&#8221;tag:h1|text_align:left|color:%23ffffff|line_height:45px&#8221; use_theme_fonts=&#8221;yes&#8221; css=&#8221;.vc_custom_1498457878923{margin-bottom: 42px !important;}&#8221;][vc_row_inner][vc_column_inner width=&#8221;1\/3&#8243;][stm_icon_box title_color=&#8221;custom&#8221; hide_title_line=&#8221;hide_title_line&#8221; icon=&#8221;fa fa-arrow-up&#8221; style=&#8221;icon_top_transparent&#8221; icon_color=&#8221;custom&#8221; icon_bg_color=&#8221;third_bg&#8221; title=&#8221;Continually improovment&#8221; title_font_size=&#8221;18&#8243; title_color_custom=&#8221;#ffffff&#8221; icon_color_custom=&#8221;#fd8d30&#8243;]<span style=\"color: #ffffff;\">Level of our services is enhanced by personal development and constantly improvement of our team.<\/span>[\/stm_icon_box][\/vc_column_inner][vc_column_inner width=&#8221;1\/3&#8243;][stm_icon_box title_color=&#8221;custom&#8221; hide_title_line=&#8221;hide_title_line&#8221; icon=&#8221;stm-target&#8221; style=&#8221;icon_top_transparent&#8221; icon_color=&#8221;custom&#8221; icon_bg_color=&#8221;third_bg&#8221; title=&#8221;Orientation to result&#8221; title_font_size=&#8221;18&#8243; title_color_custom=&#8221;#ffffff&#8221; icon_color_custom=&#8221;#fd8d30&#8243;]<span style=\"color: #ffffff;\">Our goal is always to lead the work that brings the result and this result shifts our partners into their business.<\/span>[\/stm_icon_box][\/vc_column_inner][vc_column_inner width=&#8221;1\/3&#8243;][stm_icon_box title_color=&#8221;custom&#8221; hide_title_line=&#8221;hide_title_line&#8221; icon=&#8221;fa fa-wrench&#8221; style=&#8221;icon_top_transparent&#8221; icon_color=&#8221;custom&#8221; icon_bg_color=&#8221;third_bg&#8221; title=&#8221;Problem solving&#8221; title_font_size=&#8221;18&#8243; title_color_custom=&#8221;#ffffff&#8221; icon_color_custom=&#8221;#fd8d30&#8243;]<span style=\"color: #ffffff;\">We recognize an active and innovative approach. Suggested solutions take always into account the specifics of the business partner.<\/span>[\/stm_icon_box][\/vc_column_inner][\/vc_row_inner][vc_row_inner][vc_column_inner width=&#8221;1\/3&#8243;][stm_icon_box title_color=&#8221;custom&#8221; hide_title_line=&#8221;hide_title_line&#8221; icon=&#8221;stm-polygon&#8221; style=&#8221;icon_top_transparent&#8221; icon_color=&#8221;custom&#8221; icon_bg_color=&#8221;third_bg&#8221; title=&#8221;Responsibility&#8221; title_font_size=&#8221;18&#8243; title_color_custom=&#8221;#ffffff&#8221; icon_color_custom=&#8221;#fd8d30&#8243;]<span style=\"color: #ffffff;\">We participate with quality of our work and action on results of our business partners.<\/span>[\/stm_icon_box][\/vc_column_inner][vc_column_inner width=&#8221;1\/3&#8243;][stm_icon_box title_color=&#8221;custom&#8221; hide_title_line=&#8221;hide_title_line&#8221; icon=&#8221;stm-nokia&#8221; style=&#8221;icon_top_transparent&#8221; icon_color=&#8221;custom&#8221; icon_bg_color=&#8221;third_bg&#8221; title=&#8221;Partnership&#8221; title_font_size=&#8221;18&#8243; title_color_custom=&#8221;#ffffff&#8221; icon_color_custom=&#8221;#fd8d30&#8243;]<span style=\"color: #ffffff;\">Our approach is based on trust, respect, loyalty and cooperation.<\/span>[\/stm_icon_box][\/vc_column_inner][vc_column_inner width=&#8221;1\/3&#8243;][stm_icon_box title_color=&#8221;custom&#8221; hide_title_line=&#8221;hide_title_line&#8221; icon=&#8221;stm-security&#8221; style=&#8221;icon_top_transparent&#8221; icon_color=&#8221;custom&#8221; icon_bg_color=&#8221;third_bg&#8221; title=&#8221;Business ethics&#8221; title_font_size=&#8221;18&#8243; title_color_custom=&#8221;#ffffff&#8221; icon_color_custom=&#8221;#fd8d30&#8243;]<span style=\"color: #ffffff;\">We adhere to moral principles, we act fairly, we hold the word and agree.<\/span>[\/stm_icon_box][\/vc_column_inner][\/vc_row_inner][\/vc_column][\/vc_row]<\/p>\n<\/div>","protected":false},"excerpt":{"rendered":"<p>[vc_row css=&#8221;.vc_custom_1461134371794{margin-bottom: 0px !important;}&#8221;][vc_column offset=&#8221;vc_hidden-xs&#8221;][rev_slider_vc alias=&#8221;main-slider-en&#8221;][\/vc_column][\/vc_row][vc_row][vc_column][vc_empty_space height=&#8221;15px&#8221;][vc_column_text][\/vc_column_text][\/vc_column][\/vc_row][vc_row full_width=&#8221;stretch_row&#8221; el_class=&#8221;third_bg_color&#8221;][vc_column][vc_cta h2=&#8221;Are you looking for a way to change your company?&#8221; shape=&#8221;square&#8221; style=&#8221;flat&#8221; add_button=&#8221;right&#8221; btn_title=&#8221;Find out&#8221; btn_style=&#8221;flat&#8221; btn_color=&#8221;theme_style_2&#8243; btn_align=&#8221;right&#8221; btn_i_align=&#8221;right&#8221; btn_i_icon_fontawesome=&#8221;fa fa-chevron-right&#8221; btn_add_icon=&#8221;true&#8221; btn_link=&#8221;url:http%3A%2F%2Fneuronconsulting.com%2Fnase-sluzby%2F|||&#8221; el_class=&#8221;third_bg_color&#8221;][\/vc_cta][\/vc_column][\/vc_row][vc_row full_width=&#8221;stretch_row&#8221; css=&#8221;.vc_custom_1500373464957{margin-bottom: 61px !important;padding-top: 37px !important;padding-bottom: 45px !important;background-image: url(http:\/\/neuronconsulting.com\/wp-content\/uploads\/2015\/12\/K\u0159ivky-pozad\u00ed.png?id=2989) !important;background-position: center !important;background-repeat: no-repeat !important;background-size: cover !important;}&#8221; el_class=&#8221;overlay_4 fixed_bg&#8221;][vc_column][vc_custom_heading stripe_pos=&#8221;hide&#8221; text=&#8221;We use experts<\/p>\n","protected":false},"author":6,"featured_media":0,"parent":0,"menu_order":0,"comment_status":"closed","ping_status":"closed","template":"","meta":{"footnotes":""},"yoast_head":"<!-- This site is optimized with the Yoast SEO plugin v24.0 - https:\/\/yoast.com\/wordpress\/plugins\/seo\/ -->\n<title>(\u010ce\u0161tina) Neuron consulting, s.r.o. - hled\u00e1te cestu, jak zm\u011bnit svou firmu?<\/title>\n<meta name=\"description\" content=\"(\u010ce\u0161tina) Zvy\u0161ujeme v\u00fdkonnost a konkurenceschopnost firmy, M\u00e1me prokazateln\u00e9 v\u00fdsledky a reference. Pom\u00e1h\u00e1me v\u00e1m uskute\u010d\u0148ovat va\u0161e c\u00edle ji\u017e od roku 1999.\" \/>\n<meta name=\"robots\" content=\"index, follow, max-snippet:-1, max-image-preview:large, max-video-preview:-1\" \/>\n<link rel=\"canonical\" href=\"https:\/\/neuronconsulting.com\/\" \/>\n<meta property=\"og:locale\" content=\"en_US\" \/>\n<meta property=\"og:type\" content=\"article\" \/>\n<meta property=\"og:title\" content=\"[:cs]Neuron consulting, s.r.o. - hled\u00e1te cestu, jak zm\u011bnit svou firmu?[:]\" \/>\n<meta property=\"og:description\" content=\"{:cs}Zvy\u0161ujeme v\u00fdkonnost a konkurenceschopnost firmy, M\u00e1me prokazateln\u00e9 v\u00fdsledky a reference. Pom\u00e1h\u00e1me v\u00e1m uskute\u010d\u0148ovat va\u0161e c\u00edle ji\u017e od roku 1999.{:}\" \/>\n<meta property=\"og:url\" content=\"https:\/\/neuronconsulting.com\/\" \/>\n<meta property=\"og:site_name\" content=\"Neuron consulting, s.r.o.\" \/>\n<meta property=\"article:modified_time\" content=\"2021-01-20T10:20:12+00:00\" \/>\n<meta name=\"twitter:card\" content=\"summary_large_image\" \/>\n<meta name=\"twitter:label1\" content=\"Est. reading time\" \/>\n\t<meta name=\"twitter:data1\" content=\"1 minute\" \/>\n<script type=\"application\/ld+json\" class=\"yoast-schema-graph\">{\"@context\":\"https:\/\/schema.org\",\"@graph\":[{\"@type\":\"WebPage\",\"@id\":\"https:\/\/neuronconsulting.com\/\",\"url\":\"https:\/\/neuronconsulting.com\/\",\"name\":\"[:cs]Neuron consulting, s.r.o. - hled\u00e1te cestu, jak zm\u011bnit svou firmu?[:]\",\"isPartOf\":{\"@id\":\"https:\/\/neuronconsulting.com\/#website\"},\"datePublished\":\"2015-12-14T07:14:55+00:00\",\"dateModified\":\"2021-01-20T10:20:12+00:00\",\"description\":\"{:cs}Zvy\u0161ujeme v\u00fdkonnost a konkurenceschopnost firmy, M\u00e1me prokazateln\u00e9 v\u00fdsledky a reference. Pom\u00e1h\u00e1me v\u00e1m uskute\u010d\u0148ovat va\u0161e c\u00edle ji\u017e od roku 1999.{:}\",\"breadcrumb\":{\"@id\":\"https:\/\/neuronconsulting.com\/#breadcrumb\"},\"inLanguage\":\"en-US\",\"potentialAction\":[{\"@type\":\"ReadAction\",\"target\":[\"https:\/\/neuronconsulting.com\/\"]}]},{\"@type\":\"BreadcrumbList\",\"@id\":\"https:\/\/neuronconsulting.com\/#breadcrumb\",\"itemListElement\":[{\"@type\":\"ListItem\",\"position\":1,\"name\":\"Home\",\"item\":\"https:\/\/neuronconsulting.com\/\"},{\"@type\":\"ListItem\",\"position\":2,\"name\":\"Dom\u016f\"}]},{\"@type\":\"WebSite\",\"@id\":\"https:\/\/neuronconsulting.com\/#website\",\"url\":\"https:\/\/neuronconsulting.com\/\",\"name\":\"Neuron consulting, s.r.o.\",\"description\":\"Viz\u00ed na\u0161\u00ed spole\u010dnosti, je pomoci V\u00e1m, klient\u016fm, p\u0159ekonat konkurenci zejm\u00e9na v oblasti zvy\u0161ov\u00e1n\u00ed v\u00fdkonnosti, efektivity a konkurenceschopnosti, ve st\u00e1le n\u00e1ro\u010dn\u011bj\u0161\u00edm tr\u017en\u00edm prost\u0159ed\u00ed.\",\"publisher\":{\"@id\":\"https:\/\/neuronconsulting.com\/#organization\"},\"potentialAction\":[{\"@type\":\"SearchAction\",\"target\":{\"@type\":\"EntryPoint\",\"urlTemplate\":\"https:\/\/neuronconsulting.com\/?s={search_term_string}\"},\"query-input\":{\"@type\":\"PropertyValueSpecification\",\"valueRequired\":true,\"valueName\":\"search_term_string\"}}],\"inLanguage\":\"en-US\"},{\"@type\":\"Organization\",\"@id\":\"https:\/\/neuronconsulting.com\/#organization\",\"name\":\"Neuron Consulting, s.r.o.\",\"url\":\"https:\/\/neuronconsulting.com\/\",\"logo\":{\"@type\":\"ImageObject\",\"inLanguage\":\"en-US\",\"@id\":\"https:\/\/neuronconsulting.com\/#\/schema\/logo\/image\/\",\"url\":\"http:\/\/neuronconsulting.com\/wp-content\/uploads\/2017\/02\/Logo-FullHD.jpg\",\"contentUrl\":\"http:\/\/neuronconsulting.com\/wp-content\/uploads\/2017\/02\/Logo-FullHD.jpg\",\"width\":1920,\"height\":1080,\"caption\":\"Neuron Consulting, s.r.o.\"},\"image\":{\"@id\":\"https:\/\/neuronconsulting.com\/#\/schema\/logo\/image\/\"}}]}<\/script>\n<!-- \/ Yoast SEO plugin. -->","yoast_head_json":{"title":"(\u010ce\u0161tina) Neuron consulting, s.r.o. - hled\u00e1te cestu, jak zm\u011bnit svou firmu?","description":"(\u010ce\u0161tina) Zvy\u0161ujeme v\u00fdkonnost a konkurenceschopnost firmy, M\u00e1me prokazateln\u00e9 v\u00fdsledky a reference. Pom\u00e1h\u00e1me v\u00e1m uskute\u010d\u0148ovat va\u0161e c\u00edle ji\u017e od roku 1999.","robots":{"index":"index","follow":"follow","max-snippet":"max-snippet:-1","max-image-preview":"max-image-preview:large","max-video-preview":"max-video-preview:-1"},"canonical":"https:\/\/neuronconsulting.com\/","og_locale":"en_US","og_type":"article","og_title":"[:cs]Neuron consulting, s.r.o. - hled\u00e1te cestu, jak zm\u011bnit svou firmu?[:]","og_description":"{:cs}Zvy\u0161ujeme v\u00fdkonnost a konkurenceschopnost firmy, M\u00e1me prokazateln\u00e9 v\u00fdsledky a reference. Pom\u00e1h\u00e1me v\u00e1m uskute\u010d\u0148ovat va\u0161e c\u00edle ji\u017e od roku 1999.{:}","og_url":"https:\/\/neuronconsulting.com\/","og_site_name":"Neuron consulting, s.r.o.","article_modified_time":"2021-01-20T10:20:12+00:00","twitter_card":"summary_large_image","twitter_misc":{"Est. reading time":"1 minute"},"schema":{"@context":"https:\/\/schema.org","@graph":[{"@type":"WebPage","@id":"https:\/\/neuronconsulting.com\/","url":"https:\/\/neuronconsulting.com\/","name":"[:cs]Neuron consulting, s.r.o. - hled\u00e1te cestu, jak zm\u011bnit svou firmu?[:]","isPartOf":{"@id":"https:\/\/neuronconsulting.com\/#website"},"datePublished":"2015-12-14T07:14:55+00:00","dateModified":"2021-01-20T10:20:12+00:00","description":"{:cs}Zvy\u0161ujeme v\u00fdkonnost a konkurenceschopnost firmy, M\u00e1me prokazateln\u00e9 v\u00fdsledky a reference. Pom\u00e1h\u00e1me v\u00e1m uskute\u010d\u0148ovat va\u0161e c\u00edle ji\u017e od roku 1999.{:}","breadcrumb":{"@id":"https:\/\/neuronconsulting.com\/#breadcrumb"},"inLanguage":"en-US","potentialAction":[{"@type":"ReadAction","target":["https:\/\/neuronconsulting.com\/"]}]},{"@type":"BreadcrumbList","@id":"https:\/\/neuronconsulting.com\/#breadcrumb","itemListElement":[{"@type":"ListItem","position":1,"name":"Home","item":"https:\/\/neuronconsulting.com\/"},{"@type":"ListItem","position":2,"name":"Dom\u016f"}]},{"@type":"WebSite","@id":"https:\/\/neuronconsulting.com\/#website","url":"https:\/\/neuronconsulting.com\/","name":"Neuron consulting, s.r.o.","description":"Viz\u00ed na\u0161\u00ed spole\u010dnosti, je pomoci V\u00e1m, klient\u016fm, p\u0159ekonat konkurenci zejm\u00e9na v oblasti zvy\u0161ov\u00e1n\u00ed v\u00fdkonnosti, efektivity a konkurenceschopnosti, ve st\u00e1le n\u00e1ro\u010dn\u011bj\u0161\u00edm tr\u017en\u00edm prost\u0159ed\u00ed.","publisher":{"@id":"https:\/\/neuronconsulting.com\/#organization"},"potentialAction":[{"@type":"SearchAction","target":{"@type":"EntryPoint","urlTemplate":"https:\/\/neuronconsulting.com\/?s={search_term_string}"},"query-input":{"@type":"PropertyValueSpecification","valueRequired":true,"valueName":"search_term_string"}}],"inLanguage":"en-US"},{"@type":"Organization","@id":"https:\/\/neuronconsulting.com\/#organization","name":"Neuron Consulting, s.r.o.","url":"https:\/\/neuronconsulting.com\/","logo":{"@type":"ImageObject","inLanguage":"en-US","@id":"https:\/\/neuronconsulting.com\/#\/schema\/logo\/image\/","url":"http:\/\/neuronconsulting.com\/wp-content\/uploads\/2017\/02\/Logo-FullHD.jpg","contentUrl":"http:\/\/neuronconsulting.com\/wp-content\/uploads\/2017\/02\/Logo-FullHD.jpg","width":1920,"height":1080,"caption":"Neuron Consulting, s.r.o."},"image":{"@id":"https:\/\/neuronconsulting.com\/#\/schema\/logo\/image\/"}}]}},"_links":{"self":[{"href":"https:\/\/neuronconsulting.com\/en\/wp-json\/wp\/v2\/pages\/1071"}],"collection":[{"href":"https:\/\/neuronconsulting.com\/en\/wp-json\/wp\/v2\/pages"}],"about":[{"href":"https:\/\/neuronconsulting.com\/en\/wp-json\/wp\/v2\/types\/page"}],"author":[{"embeddable":true,"href":"https:\/\/neuronconsulting.com\/en\/wp-json\/wp\/v2\/users\/6"}],"replies":[{"embeddable":true,"href":"https:\/\/neuronconsulting.com\/en\/wp-json\/wp\/v2\/comments?post=1071"}],"version-history":[{"count":147,"href":"https:\/\/neuronconsulting.com\/en\/wp-json\/wp\/v2\/pages\/1071\/revisions"}],"predecessor-version":[{"id":3737,"href":"https:\/\/neuronconsulting.com\/en\/wp-json\/wp\/v2\/pages\/1071\/revisions\/3737"}],"wp:attachment":[{"href":"https:\/\/neuronconsulting.com\/en\/wp-json\/wp\/v2\/media?parent=1071"}],"curies":[{"name":"wp","href":"https:\/\/api.w.org\/{rel}","templated":true}]}}