{"id":1290,"date":"2017-02-11T13:06:11","date_gmt":"2017-02-11T13:06:11","guid":{"rendered":"http:\/\/consulting.stylemixthemes.com\/demo\/?page_id=1290"},"modified":"2025-09-08T14:20:59","modified_gmt":"2025-09-08T12:20:59","slug":"o-nas","status":"publish","type":"page","link":"https:\/\/neuronconsulting.com\/en\/o-nas\/","title":{"rendered":"About Us"},"content":{"rendered":"<div class=\"wpb-content-wrapper\"><p>[vc_row full_width=&#8221;stretch_row&#8221; css=&#8221;.vc_custom_1485516797007{margin-top: -75px !important;margin-bottom: 55px !important;padding-top: 81px !important;padding-bottom: 78px !important;background-color: #f2f2f2 !important;}&#8221;][vc_column width=&#8221;7\/12&#8243;][vc_column_text css=&#8221;.vc_custom_1495010917656{margin-bottom: 25px !important;}&#8221;]<strong>Spole\u010dnost Neuron consulting, s.r.o., V\u00e1m pom\u00e1h\u00e1 uskute\u010d\u0148ovat Va\u0161e c\u00edle ji\u017e od roku 1999, kdy jsme vstoupili na trh jako Neuron, s.r.o. a soust\u0159e\u010fovali se zejm\u00e9na na podnikov\u00e9 poradenstv\u00ed a vzd\u011bl\u00e1v\u00e1n\u00ed.<\/strong>[\/vc_column_text][vc_column_text]Postupn\u011b jsme za\u010dali na\u0161e aktivity na z\u00e1klad\u011b Va\u0161ich pot\u0159eb roz\u0161i\u0159ovat a\u017e do dne\u0161n\u00ed podoby, kdy nab\u00edz\u00edme komplexn\u00ed portfolio slu\u017eeb zahrnuj\u00edc\u00ed:<\/p>\n<ul>\n<li>Podnikov\u00e9 poradenstv\u00ed<\/li>\n<li>Outsourcing slu\u017eeb a \u010dinnost\u00ed<\/li>\n<li>Mana\u017eersk\u00e9 poradenstv\u00ed, coaching, vzd\u011bl\u00e1v\u00e1n\u00ed<\/li>\n<li>Vzd\u011bl\u00e1vac\u00ed a \u0161kol\u00edc\u00ed \u010dinnost &#8211; vzd\u011bl\u00e1v\u00e1n\u00ed na kl\u00ed\u010d, veden\u00ed semin\u00e1\u0159\u016f<\/li>\n<li>Vyhled\u00e1v\u00e1n\u00ed vhodn\u00fdch kandid\u00e1t\u016f<\/li>\n<li>P\u0159\u00edpravu spole\u010dnost\u00ed k certifikaci syst\u00e9m\u016f, certifikace zam\u011bstnanc\u016f, audity<\/li>\n<li>Zastupov\u00e1n\u00ed mana\u017eer\u016f<\/li>\n<li>P\u0159\u00edpravu vybran\u00fdch student\u016f k praxi\u200b<\/li>\n<\/ul>\n<p>V r\u00e1mci tohoto syst\u00e9mu mohou b\u00fdt jednotliv\u00e9 produkty a slu\u017eby vyu\u017eity v pln\u00e9m potenci\u00e1lu tehdy, jsou-li v cel\u00e9 spole\u010dnosti propojeny a optim\u00e1ln\u011b slad\u011bny a nejsou vyu\u017e\u00edv\u00e1ny jako izolovan\u00e1 \u0159e\u0161en\u00ed. Nab\u00edz\u00edme cestu, jak zv\u00fd\u0161it v\u00fdkonnost a efektivitu spole\u010dnosti a z\u00edskat tak konkuren\u010dn\u00ed v\u00fdhodu v dne\u0161n\u00edm turbulentn\u00edm prost\u0159ed\u00ed.[\/vc_column_text][vc_column_text]<\/p>\n<blockquote style=\"background-color: #ffffff;\">\n<p>Viz\u00ed na\u0161\u00ed spole\u010dnosti, je pomoci V\u00e1m, klient\u016fm, p\u0159ekonat konkurenci zejm\u00e9na v oblasti zvy\u0161ov\u00e1n\u00ed v\u00fdkonnosti, efektivity a konkurenceschopnosti, ve st\u00e1le n\u00e1ro\u010dn\u011bj\u0161\u00edm tr\u017en\u00edm prost\u0159ed\u00ed.<\/p>\n<\/blockquote>\n<p>[\/vc_column_text][\/vc_column][vc_column width=&#8221;5\/12&#8243;][vc_empty_space][vc_column_text]<strong>M\u00e1te z\u00e1jem o spolupr\u00e1ci?<\/strong>[\/vc_column_text][\/vc_column][\/vc_row][vc_row][vc_column][vc_custom_heading text=&#8221;Pro\u010d s n\u00e1mi&#8221; font_container=&#8221;tag:h3|text_align:left&#8221; google_fonts=&#8221;font_family:Montserrat%3Aregular%2C700|font_style:700%20bold%20regular%3A700%3Anormal&#8221; css=&#8221;.vc_custom_1495011014514{margin-bottom: 39px !important;}&#8221;][\/vc_column][\/vc_row][vc_row css=&#8221;.vc_custom_1485526502077{margin-bottom: 30px !important;}&#8221;][vc_column width=&#8221;1\/3&#8243; offset=&#8221;vc_col-lg-4 vc_col-md-4&#8243;][stm_icon_box icon=&#8221;fa fa-arrow-circle-o-up&#8221; style=&#8221;icon_left&#8221; icon_size=&#8221;25&#8243; icon_color=&#8221;base&#8221; icon_bg_color=&#8221;third_bg&#8221; icon_width=&#8221;70&#8243; title=&#8221;Zvy\u0161ujeme v\u00fdkonnost<br \/>\na konkurenceschopnost firmy&#8221; css=&#8221;.vc_custom_1496133918146{margin-bottom: 28px !important;}&#8221;]V\u00fdkonnost Va\u0161\u00ed spole\u010dnosti, se d\u00e1 zv\u00fd\u0161it v\u00fdvojem nov\u00fdch produkt\u016f, zvy\u0161ov\u00e1n\u00edm produktivity, ale tak\u00e9 neust\u00e1l\u00fdm zlep\u0161ov\u00e1n\u00edm na v\u0161ech \u00farovn\u00edch Va\u0161\u00ed spole\u010dnosti.[\/stm_icon_box][\/vc_column][vc_column width=&#8221;1\/3&#8243;][stm_icon_box icon=&#8221;stm-chart-refresh&#8221; style=&#8221;icon_left&#8221; icon_size=&#8221;25&#8243; icon_color=&#8221;base&#8221; icon_bg_color=&#8221;third_bg&#8221; icon_width=&#8221;70&#8243; title=&#8221;Ne\u0161kol\u00edme,<br \/>\ntr\u00e9nujeme na pracovi\u0161ti, implementujeme&#8221; css=&#8221;.vc_custom_1496133977655{margin-bottom: 28px !important;}&#8221;]Krom klasick\u00e9ho tr\u00e9ninku se zam\u011b\u0159ujeme hlavn\u011b na tr\u00e9nink na pracovi\u0161ti s implementac\u00ed zm\u011bn v r\u00e1mci tr\u00e9ninku ve firm\u00e1ch.[\/stm_icon_box][\/vc_column][vc_column width=&#8221;1\/3&#8243;][stm_icon_box icon=&#8221;fa fa-arrow-circle-o-down&#8221; style=&#8221;icon_left&#8221; icon_size=&#8221;25&#8243; icon_color=&#8221;base&#8221; icon_bg_color=&#8221;third_bg&#8221; icon_width=&#8221;70&#8243; title=&#8221;Sni\u017eujeme n\u00e1klady<br \/>\nna implementaci zm\u011bn.&#8221; css=&#8221;.vc_custom_1496133996879{margin-bottom: 28px !important;}&#8221;]Sni\u017eujeme n\u00e1klady na implementaci zm\u011bn vyu\u017eit\u00edm metodik a t\u00edm, \u017ee je klienta um\u00edme nau\u010dit a vyu\u017e\u00edvat.[\/stm_icon_box][\/vc_column][\/vc_row][vc_row][vc_column width=&#8221;1\/3&#8243;][stm_icon_box icon=&#8221;stm-mans&#8221; style=&#8221;icon_left&#8221; icon_size=&#8221;25&#8243; icon_color=&#8221;base&#8221; icon_bg_color=&#8221;third_bg&#8221; icon_width=&#8221;70&#8243; title=&#8221;Vyu\u017e\u00edv\u00e1me odborn\u00edky,<br \/>\nkte\u0159\u00ed jen nemluv\u00ed, ale \u0159e\u0161\u00ed.&#8221;]Vyu\u017e\u00edv\u00e1me mana\u017eery, odborn\u00edky z praxe, kte\u0159\u00ed nav\u00edc um\u00ed \u0159e\u0161it probl\u00e9my aby situace, kter\u00fdm jsou v pr\u016fb\u011bhu tr\u00e9ninku \u010di projektu vystaveni, \u00fasp\u011b\u0161n\u011b zvl\u00e1dli.[\/stm_icon_box][\/vc_column][vc_column width=&#8221;1\/3&#8243;][stm_icon_box icon=&#8221;fa fa-star&#8221; style=&#8221;icon_left&#8221; icon_size=&#8221;25&#8243; icon_color=&#8221;base&#8221; icon_bg_color=&#8221;third_bg&#8221; icon_width=&#8221;70&#8243; title=&#8221;M\u00e1me prokazateln\u00e9<br \/>\nv\u00fdsledky a reference&#8221; css=&#8221;.vc_custom_1496134137132{margin-bottom: 28px !important;}&#8221;]M\u00e1me p\u0159e 250 obchodn\u00edch partner\u016f, v\u00edce ne\u017e 60% na\u0161ich obchodn\u00edch partner\u016f vyu\u017e\u00edv\u00e1 na\u0161e slu\u017eby opakovan\u011b.[\/stm_icon_box][\/vc_column][vc_column width=&#8221;1\/3&#8243;][stm_icon_box icon=&#8221;stm-metals&#8221; style=&#8221;icon_left&#8221; icon_size=&#8221;25&#8243; icon_color=&#8221;base&#8221; icon_bg_color=&#8221;third_bg&#8221; icon_width=&#8221;70&#8243; title=&#8221;Garantujeme<br \/>\ndohodnut\u00fd v\u00fdsledek&#8221; css=&#8221;.vc_custom_1496134053142{margin-bottom: 28px !important;}&#8221;]Garantujeme v\u00fdsledek, kter\u00fd je p\u0159ed projektem dohodnut. Bez v\u00fdsledku nefakturujeme.[\/stm_icon_box][\/vc_column][\/vc_row][vc_row full_width=&#8221;stretch_row&#8221; equal_height=&#8221;yes&#8221; css=&#8221;.vc_custom_1485526792127{background-color: #f2f2f2 !important;}&#8221; el_class=&#8221;about-bg-right&#8221;][vc_column width=&#8221;1\/2&#8243;][vc_empty_space][vc_column_text css=&#8221;.vc_custom_1495011093884{margin-bottom: 22px !important;}&#8221;]<span style=\"display: block; line-height: 22px;\">Na\u0161e slu\u017eba je velmi komplexn\u00ed, vych\u00e1z\u00ed z nejnov\u011bj\u0161\u00edch poznatk\u016f a trend\u016f, kter\u00e9 p\u0159izp\u016fsobujeme na m\u00edru po\u017eadavk\u016fm na\u0161ich obchodn\u00edch partner\u016f a klient\u016f. Z\u00e1rove\u0148 tak\u00e9 zahrnuje specifika oblast\u00ed Va\u0161eho podnik\u00e1n\u00ed, co\u017e umo\u017e\u0148uje V\u00e1m, na\u0161im z\u00e1kazn\u00edk\u016fm, soust\u0159edit se a rozv\u00edjet V\u00e1\u0161 p\u0159edm\u011bt podnik\u00e1n\u00ed.<\/span>[\/vc_column_text][vc_column_text css=&#8221;.vc_custom_1495011114588{margin-bottom: 23px !important;}&#8221;]<strong><span style=\"display: block; line-height: 22px;\">Filozofie na\u0161eho podnik\u00e1n\u00ed vych\u00e1z\u00ed z budov\u00e1n\u00ed partnersk\u00fdch a dlouhodob\u00fdch vztah\u016f s na\u0161imi klienty, jako p\u0159edpoklad kvalitn\u00ed spolupr\u00e1ce, efektivn\u00ed komunikace a dokonal\u00e9 znalosti firemn\u00edho prost\u0159ed\u00ed.<\/span><\/strong>[\/vc_column_text][\/vc_column][vc_column width=&#8221;1\/2&#8243; css=&#8221;.vc_custom_1495013566387{padding-top: 52px !important;padding-bottom: 95px !important;background-color: #f6871f !important;background-position: center !important;background-repeat: no-repeat !important;background-size: cover !important;}&#8221; el_class=&#8221;about_full-right_width&#8221;][stm_stats_counter counter_value=&#8221;250&#8243; counter_value_suf=&#8221;+&#8221; title=&#8221;spokojen\u00fdch partner\u016f&#8221;][stm_stats_counter counter_value=&#8221;65&#8243; counter_value_suf=&#8221;%&#8221; title=&#8221;obchodn\u00edch partner\u016f s n\u00e1mi spolupracuje opakovan\u011b&#8221;][stm_stats_counter counter_value=&#8221;5500&#8243; counter_value_suf=&#8221;+&#8221; title=&#8221;pro\u0161kolen\u00fdch zam\u011bstnanc\u016f&#8221;][\/vc_column][\/vc_row][vc_row full_width=&#8221;stretch_row&#8221; css=&#8221;.vc_custom_1500373210924{margin-bottom: 0px !important;padding-top: 77px !important;padding-bottom: 59px !important;background-image: url(http:\/\/neuronconsulting.com\/wp-content\/uploads\/2015\/12\/K\u0159ivky-pozad\u00ed.png?id=2989) !important;background-position: center !important;background-repeat: no-repeat !important;background-size: cover !important;}&#8221; el_class=&#8221;overlay_4 fixed_bg&#8221;][vc_column][vc_custom_heading stripe_pos=&#8221;hide&#8221; text=&#8221;Na\u0161e hodnoty&#8221; font_container=&#8221;tag:h2|text_align:center|color:%23ffffff|line_height:45px&#8221; use_theme_fonts=&#8221;yes&#8221; css=&#8221;.vc_custom_1539757878995{margin-bottom: 42px !important;}&#8221;][vc_row_inner][vc_column_inner width=&#8221;1\/3&#8243;][stm_icon_box title_color=&#8221;custom&#8221; hide_title_line=&#8221;hide_title_line&#8221; icon=&#8221;fa fa-arrow-up&#8221; style=&#8221;icon_top_transparent&#8221; icon_color=&#8221;custom&#8221; icon_bg_color=&#8221;third_bg&#8221; title=&#8221;Neust\u00e1l\u00e9 zlep\u0161ov\u00e1n\u00ed&#8221; title_font_size=&#8221;18&#8243; title_color_custom=&#8221;#ffffff&#8221; icon_color_custom=&#8221;#fd8d30&#8243;]<span style=\"color: #ffffff;\">\u00darove\u0148 na\u0161ich slu\u017eeb zvy\u0161ujeme osobn\u00edm rozvojem a neust\u00e1l\u00fdm zlep\u0161ov\u00e1n\u00edm na\u0161eho t\u00fdmu.<\/span>[\/stm_icon_box][\/vc_column_inner][vc_column_inner width=&#8221;1\/3&#8243;][stm_icon_box title_color=&#8221;custom&#8221; hide_title_line=&#8221;hide_title_line&#8221; icon=&#8221;stm-target&#8221; style=&#8221;icon_top_transparent&#8221; icon_color=&#8221;custom&#8221; icon_bg_color=&#8221;third_bg&#8221; title=&#8221;Orientace na v\u00fdsledek&#8221; title_font_size=&#8221;18&#8243; title_color_custom=&#8221;#ffffff&#8221; icon_color_custom=&#8221;#fd8d30&#8243;]<span style=\"color: #ffffff;\">Na\u0161im c\u00edlem je v\u017edy odv\u00e9st pr\u00e1ci, kter\u00e1 p\u0159in\u00e1\u0161\u00ed v\u00fdsledek a tento v\u00fdsledek posouv\u00e1 na\u0161e partnery v jejich podnik\u00e1n\u00ed.<\/span>[\/stm_icon_box][\/vc_column_inner][vc_column_inner width=&#8221;1\/3&#8243;][stm_icon_box title_color=&#8221;custom&#8221; hide_title_line=&#8221;hide_title_line&#8221; icon=&#8221;fa fa-wrench&#8221; style=&#8221;icon_top_transparent&#8221; icon_color=&#8221;custom&#8221; icon_bg_color=&#8221;third_bg&#8221; title=&#8221;\u0158e\u0161en\u00ed probl\u00e9m\u016f&#8221; title_font_size=&#8221;18&#8243; title_color_custom=&#8221;#ffffff&#8221; icon_color_custom=&#8221;#fd8d30&#8243;]<span style=\"color: #ffffff;\">\u00a0Vyzn\u00e1v\u00e1me aktivn\u00ed a inovativn\u00ed p\u0159\u00edstup. Navrhovan\u00e1 \u0159e\u0161en\u00ed v\u017edy zohled\u0148uj\u00ed specifika obchodn\u00edho partnera.<\/span>[\/stm_icon_box][\/vc_column_inner][\/vc_row_inner][vc_row_inner][vc_column_inner width=&#8221;1\/3&#8243;][stm_icon_box title_color=&#8221;custom&#8221; hide_title_line=&#8221;hide_title_line&#8221; icon=&#8221;stm-polygon&#8221; style=&#8221;icon_top_transparent&#8221; icon_color=&#8221;custom&#8221; icon_bg_color=&#8221;third_bg&#8221; title=&#8221;Zodpov\u011bdnost&#8221; title_font_size=&#8221;18&#8243; title_color_custom=&#8221;#ffffff&#8221; icon_color_custom=&#8221;#fd8d30&#8243;]<span style=\"color: #ffffff;\">Kvalitou na\u0161\u00ed pr\u00e1ce a jedn\u00e1n\u00edm se pod\u00edl\u00edme na v\u00fdsledc\u00edch na\u0161ich obchodn\u00edch partner\u016f.<\/span>[\/stm_icon_box][\/vc_column_inner][vc_column_inner width=&#8221;1\/3&#8243;][stm_icon_box title_color=&#8221;custom&#8221; hide_title_line=&#8221;hide_title_line&#8221; icon=&#8221;stm-nokia&#8221; style=&#8221;icon_top_transparent&#8221; icon_color=&#8221;custom&#8221; icon_bg_color=&#8221;third_bg&#8221; title=&#8221;Partnerstv\u00ed&#8221; title_font_size=&#8221;18&#8243; title_color_custom=&#8221;#ffffff&#8221; icon_color_custom=&#8221;#fd8d30&#8243;]<span style=\"color: #ffffff;\">N\u00e1\u0161 p\u0159\u00edstup je zalo\u017een na b\u00e1zi d\u016fv\u011bry, \u00facty, loajality a spolupr\u00e1ce.<\/span>[\/stm_icon_box][\/vc_column_inner][vc_column_inner width=&#8221;1\/3&#8243;][stm_icon_box title_color=&#8221;custom&#8221; hide_title_line=&#8221;hide_title_line&#8221; icon=&#8221;stm-security&#8221; style=&#8221;icon_top_transparent&#8221; icon_color=&#8221;custom&#8221; icon_bg_color=&#8221;third_bg&#8221; title=&#8221;Podnikatelsk\u00e1 etika&#8221; title_font_size=&#8221;18&#8243; title_color_custom=&#8221;#ffffff&#8221; icon_color_custom=&#8221;#fd8d30&#8243;]<span style=\"color: #ffffff;\">Dodr\u017eujeme mor\u00e1ln\u00ed z\u00e1sady, jedn\u00e1me f\u00e9rov\u011b, dr\u017e\u00edme slovo a dohody.<\/span>[\/stm_icon_box][\/vc_column_inner][\/vc_row_inner][\/vc_column][\/vc_row][vc_row css=&#8221;.vc_custom_1550579549215{margin-bottom: 35px !important;}&#8221; el_id=&#8221;#nas_tym&#8221;][vc_column][vc_custom_heading text=&#8221;N\u00e1\u0161 t\u00fdm&#8221; font_container=&#8221;tag:h3|text_align:left&#8221; google_fonts=&#8221;font_family:Montserrat%3Aregular%2C700|font_style:700%20bold%20regular%3A700%3Anormal&#8221; css=&#8221;.vc_custom_1495011151991{margin-top: 50px !important;margin-bottom: 30px !important;}&#8221;][stm_staff_list category=&#8221;nas-tym&#8221; style=&#8221;grid&#8221; per_row=&#8221;4&#8243; count=&#8221;6&#8243;][\/vc_column][\/vc_row]<\/p>\n<\/div>","protected":false},"excerpt":{"rendered":"<p>[vc_row full_width=&#8221;stretch_row&#8221; css=&#8221;.vc_custom_1485516797007{margin-top: -75px !important;margin-bottom: 55px !important;padding-top: 81px !important;padding-bottom: 78px !important;background-color: #f2f2f2 !important;}&#8221;][vc_column width=&#8221;7\/12&#8243;][vc_column_text css=&#8221;.vc_custom_1495010917656{margin-bottom: 25px !important;}&#8221;]Spole\u010dnost Neuron consulting, s.r.o., V\u00e1m pom\u00e1h\u00e1 uskute\u010d\u0148ovat Va\u0161e c\u00edle ji\u017e od roku 1999, kdy jsme vstoupili na trh jako Neuron, s.r.o. a soust\u0159e\u010fovali se zejm\u00e9na na podnikov\u00e9 poradenstv\u00ed a vzd\u011bl\u00e1v\u00e1n\u00ed.[\/vc_column_text][vc_column_text]Postupn\u011b jsme za\u010dali na\u0161e aktivity na z\u00e1klad\u011b Va\u0161ich pot\u0159eb roz\u0161i\u0159ovat<\/p>\n","protected":false},"author":6,"featured_media":0,"parent":0,"menu_order":0,"comment_status":"closed","ping_status":"closed","template":"","meta":{"footnotes":""},"yoast_head":"<!-- This site is optimized with the Yoast SEO plugin v24.0 - https:\/\/yoast.com\/wordpress\/plugins\/seo\/ -->\n<title>About Us - Neuron consulting, s.r.o.<\/title>\n<meta name=\"robots\" content=\"index, follow, max-snippet:-1, max-image-preview:large, max-video-preview:-1\" \/>\n<link rel=\"canonical\" href=\"https:\/\/neuronconsulting.com\/o-nas\/\" \/>\n<meta property=\"og:locale\" content=\"en_US\" \/>\n<meta property=\"og:type\" content=\"article\" \/>\n<meta property=\"og:title\" content=\"About Us - Neuron consulting, s.r.o.\" \/>\n<meta property=\"og:description\" content=\"[vc_row full_width=&#8221;stretch_row&#8221; css=&#8221;.vc_custom_1485516797007{margin-top: -75px !important;margin-bottom: 55px !important;padding-top: 81px !important;padding-bottom: 78px !important;background-color: #f2f2f2 !important;}&#8221;][vc_column width=&#8221;7\/12&#8243;][vc_column_text css=&#8221;.vc_custom_1495010917656{margin-bottom: 25px !important;}&#8221;]Spole\u010dnost Neuron consulting, s.r.o., V\u00e1m pom\u00e1h\u00e1 uskute\u010d\u0148ovat Va\u0161e c\u00edle ji\u017e od roku 1999, kdy jsme vstoupili na trh jako Neuron, s.r.o. a soust\u0159e\u010fovali se zejm\u00e9na na podnikov\u00e9 poradenstv\u00ed a vzd\u011bl\u00e1v\u00e1n\u00ed.[\/vc_column_text][vc_column_text]Postupn\u011b jsme za\u010dali na\u0161e aktivity na z\u00e1klad\u011b Va\u0161ich pot\u0159eb roz\u0161i\u0159ovat\" \/>\n<meta property=\"og:url\" content=\"https:\/\/neuronconsulting.com\/o-nas\/\" \/>\n<meta property=\"og:site_name\" content=\"Neuron consulting, s.r.o.\" \/>\n<meta property=\"article:modified_time\" content=\"2025-09-08T12:20:59+00:00\" \/>\n<meta name=\"twitter:card\" content=\"summary_large_image\" \/>\n<meta name=\"twitter:label1\" content=\"Est. reading time\" \/>\n\t<meta name=\"twitter:data1\" content=\"4 minutes\" \/>\n<script type=\"application\/ld+json\" class=\"yoast-schema-graph\">{\"@context\":\"https:\/\/schema.org\",\"@graph\":[{\"@type\":\"WebPage\",\"@id\":\"https:\/\/neuronconsulting.com\/o-nas\/\",\"url\":\"https:\/\/neuronconsulting.com\/o-nas\/\",\"name\":\"About Us - Neuron consulting, s.r.o.\",\"isPartOf\":{\"@id\":\"https:\/\/neuronconsulting.com\/#website\"},\"datePublished\":\"2017-02-11T13:06:11+00:00\",\"dateModified\":\"2025-09-08T12:20:59+00:00\",\"breadcrumb\":{\"@id\":\"https:\/\/neuronconsulting.com\/o-nas\/#breadcrumb\"},\"inLanguage\":\"en-US\",\"potentialAction\":[{\"@type\":\"ReadAction\",\"target\":[\"https:\/\/neuronconsulting.com\/o-nas\/\"]}]},{\"@type\":\"BreadcrumbList\",\"@id\":\"https:\/\/neuronconsulting.com\/o-nas\/#breadcrumb\",\"itemListElement\":[{\"@type\":\"ListItem\",\"position\":1,\"name\":\"Home\",\"item\":\"https:\/\/neuronconsulting.com\/\"},{\"@type\":\"ListItem\",\"position\":2,\"name\":\"O n\u00e1s\"}]},{\"@type\":\"WebSite\",\"@id\":\"https:\/\/neuronconsulting.com\/#website\",\"url\":\"https:\/\/neuronconsulting.com\/\",\"name\":\"Neuron consulting, s.r.o.\",\"description\":\"Viz\u00ed na\u0161\u00ed spole\u010dnosti, je pomoci V\u00e1m, klient\u016fm, p\u0159ekonat konkurenci zejm\u00e9na v oblasti zvy\u0161ov\u00e1n\u00ed v\u00fdkonnosti, efektivity a konkurenceschopnosti, ve st\u00e1le n\u00e1ro\u010dn\u011bj\u0161\u00edm tr\u017en\u00edm prost\u0159ed\u00ed.\",\"publisher\":{\"@id\":\"https:\/\/neuronconsulting.com\/#organization\"},\"potentialAction\":[{\"@type\":\"SearchAction\",\"target\":{\"@type\":\"EntryPoint\",\"urlTemplate\":\"https:\/\/neuronconsulting.com\/?s={search_term_string}\"},\"query-input\":{\"@type\":\"PropertyValueSpecification\",\"valueRequired\":true,\"valueName\":\"search_term_string\"}}],\"inLanguage\":\"en-US\"},{\"@type\":\"Organization\",\"@id\":\"https:\/\/neuronconsulting.com\/#organization\",\"name\":\"Neuron Consulting, s.r.o.\",\"url\":\"https:\/\/neuronconsulting.com\/\",\"logo\":{\"@type\":\"ImageObject\",\"inLanguage\":\"en-US\",\"@id\":\"https:\/\/neuronconsulting.com\/#\/schema\/logo\/image\/\",\"url\":\"http:\/\/neuronconsulting.com\/wp-content\/uploads\/2017\/02\/Logo-FullHD.jpg\",\"contentUrl\":\"http:\/\/neuronconsulting.com\/wp-content\/uploads\/2017\/02\/Logo-FullHD.jpg\",\"width\":1920,\"height\":1080,\"caption\":\"Neuron Consulting, s.r.o.\"},\"image\":{\"@id\":\"https:\/\/neuronconsulting.com\/#\/schema\/logo\/image\/\"}}]}<\/script>\n<!-- \/ Yoast SEO plugin. -->","yoast_head_json":{"title":"About Us - Neuron consulting, s.r.o.","robots":{"index":"index","follow":"follow","max-snippet":"max-snippet:-1","max-image-preview":"max-image-preview:large","max-video-preview":"max-video-preview:-1"},"canonical":"https:\/\/neuronconsulting.com\/o-nas\/","og_locale":"en_US","og_type":"article","og_title":"About Us - Neuron consulting, s.r.o.","og_description":"[vc_row full_width=&#8221;stretch_row&#8221; css=&#8221;.vc_custom_1485516797007{margin-top: -75px !important;margin-bottom: 55px !important;padding-top: 81px !important;padding-bottom: 78px !important;background-color: #f2f2f2 !important;}&#8221;][vc_column width=&#8221;7\/12&#8243;][vc_column_text css=&#8221;.vc_custom_1495010917656{margin-bottom: 25px !important;}&#8221;]Spole\u010dnost Neuron consulting, s.r.o., V\u00e1m pom\u00e1h\u00e1 uskute\u010d\u0148ovat Va\u0161e c\u00edle ji\u017e od roku 1999, kdy jsme vstoupili na trh jako Neuron, s.r.o. a soust\u0159e\u010fovali se zejm\u00e9na na podnikov\u00e9 poradenstv\u00ed a vzd\u011bl\u00e1v\u00e1n\u00ed.[\/vc_column_text][vc_column_text]Postupn\u011b jsme za\u010dali na\u0161e aktivity na z\u00e1klad\u011b Va\u0161ich pot\u0159eb roz\u0161i\u0159ovat","og_url":"https:\/\/neuronconsulting.com\/o-nas\/","og_site_name":"Neuron consulting, s.r.o.","article_modified_time":"2025-09-08T12:20:59+00:00","twitter_card":"summary_large_image","twitter_misc":{"Est. reading time":"4 minutes"},"schema":{"@context":"https:\/\/schema.org","@graph":[{"@type":"WebPage","@id":"https:\/\/neuronconsulting.com\/o-nas\/","url":"https:\/\/neuronconsulting.com\/o-nas\/","name":"About Us - Neuron consulting, s.r.o.","isPartOf":{"@id":"https:\/\/neuronconsulting.com\/#website"},"datePublished":"2017-02-11T13:06:11+00:00","dateModified":"2025-09-08T12:20:59+00:00","breadcrumb":{"@id":"https:\/\/neuronconsulting.com\/o-nas\/#breadcrumb"},"inLanguage":"en-US","potentialAction":[{"@type":"ReadAction","target":["https:\/\/neuronconsulting.com\/o-nas\/"]}]},{"@type":"BreadcrumbList","@id":"https:\/\/neuronconsulting.com\/o-nas\/#breadcrumb","itemListElement":[{"@type":"ListItem","position":1,"name":"Home","item":"https:\/\/neuronconsulting.com\/"},{"@type":"ListItem","position":2,"name":"O n\u00e1s"}]},{"@type":"WebSite","@id":"https:\/\/neuronconsulting.com\/#website","url":"https:\/\/neuronconsulting.com\/","name":"Neuron consulting, s.r.o.","description":"Viz\u00ed na\u0161\u00ed spole\u010dnosti, je pomoci V\u00e1m, klient\u016fm, p\u0159ekonat konkurenci zejm\u00e9na v oblasti zvy\u0161ov\u00e1n\u00ed v\u00fdkonnosti, efektivity a konkurenceschopnosti, ve st\u00e1le n\u00e1ro\u010dn\u011bj\u0161\u00edm tr\u017en\u00edm prost\u0159ed\u00ed.","publisher":{"@id":"https:\/\/neuronconsulting.com\/#organization"},"potentialAction":[{"@type":"SearchAction","target":{"@type":"EntryPoint","urlTemplate":"https:\/\/neuronconsulting.com\/?s={search_term_string}"},"query-input":{"@type":"PropertyValueSpecification","valueRequired":true,"valueName":"search_term_string"}}],"inLanguage":"en-US"},{"@type":"Organization","@id":"https:\/\/neuronconsulting.com\/#organization","name":"Neuron Consulting, s.r.o.","url":"https:\/\/neuronconsulting.com\/","logo":{"@type":"ImageObject","inLanguage":"en-US","@id":"https:\/\/neuronconsulting.com\/#\/schema\/logo\/image\/","url":"http:\/\/neuronconsulting.com\/wp-content\/uploads\/2017\/02\/Logo-FullHD.jpg","contentUrl":"http:\/\/neuronconsulting.com\/wp-content\/uploads\/2017\/02\/Logo-FullHD.jpg","width":1920,"height":1080,"caption":"Neuron Consulting, s.r.o."},"image":{"@id":"https:\/\/neuronconsulting.com\/#\/schema\/logo\/image\/"}}]}},"_links":{"self":[{"href":"https:\/\/neuronconsulting.com\/en\/wp-json\/wp\/v2\/pages\/1290"}],"collection":[{"href":"https:\/\/neuronconsulting.com\/en\/wp-json\/wp\/v2\/pages"}],"about":[{"href":"https:\/\/neuronconsulting.com\/en\/wp-json\/wp\/v2\/types\/page"}],"author":[{"embeddable":true,"href":"https:\/\/neuronconsulting.com\/en\/wp-json\/wp\/v2\/users\/6"}],"replies":[{"embeddable":true,"href":"https:\/\/neuronconsulting.com\/en\/wp-json\/wp\/v2\/comments?post=1290"}],"version-history":[{"count":42,"href":"https:\/\/neuronconsulting.com\/en\/wp-json\/wp\/v2\/pages\/1290\/revisions"}],"predecessor-version":[{"id":3749,"href":"https:\/\/neuronconsulting.com\/en\/wp-json\/wp\/v2\/pages\/1290\/revisions\/3749"}],"wp:attachment":[{"href":"https:\/\/neuronconsulting.com\/en\/wp-json\/wp\/v2\/media?parent=1290"}],"curies":[{"name":"wp","href":"https:\/\/api.w.org\/{rel}","templated":true}]}}