{"id":2783,"date":"2017-05-29T15:51:18","date_gmt":"2017-05-29T13:51:18","guid":{"rendered":"http:\/\/localhost\/neuronwp\/?page_id=2783"},"modified":"2024-01-16T11:08:21","modified_gmt":"2024-01-16T10:08:21","slug":"nase-sluzby","status":"publish","type":"page","link":"https:\/\/neuronconsulting.com\/en\/nase-sluzby\/","title":{"rendered":"Our services"},"content":{"rendered":"<div class=\"wpb-content-wrapper\"><p>[vc_row][vc_column width=&#8221;2\/3&#8243;][vc_column_text]<strong>Our vision is to help you, our clients, to overcome competition, especially in the area of \u200b\u200bimproving the performance, efficiency and competitiveness in an increasingly challenging market environment.<\/strong><\/p>\n<p>Our service is very complex, based on the latest findings and trends, which we adapt to the requirements of our business partners and clients. It also comprises specific areas of your business, allowing you, our customer, to focus and develop your business activities.[\/vc_column_text][vc_separator][vc_empty_space][vc_tta_accordion style=&#8221;modern&#8221; color=&#8221;white&#8221; active_section=&#8221;1&#8243; no_fill=&#8221;true&#8221;][vc_tta_section title=&#8221;Lean Manufacturing&#8221; tab_id=&#8221;1497991451955-b1481196-110f&#8221;][vc_column_text]<img decoding=\"async\" class=\"size-medium wp-image-2981 alignleft lazyload\" data-src=\"http:\/\/neuronconsulting.com\/wp-content\/uploads\/2017\/07\/kruhov\u00fd-diagram-EN-300x200.jpg\" alt=\"\" width=\"300\" height=\"200\" src=\"data:image\/svg+xml;base64,PHN2ZyB3aWR0aD0iMSIgaGVpZ2h0PSIxIiB4bWxucz0iaHR0cDovL3d3dy53My5vcmcvMjAwMC9zdmciPjwvc3ZnPg==\" style=\"--smush-placeholder-width: 300px; --smush-placeholder-aspect-ratio: 300\/200;\" \/>In the area of lean manufacturing, we offer companies solution projects that help them increase competitiveness in today&#8217;s global market. We are able to convert principles of lean manufacturing accordingly to TOYOTA model as a complex cycle throughout the company. We are convinced that this philosophy helps to employ synergies and achieve results.<\/p>\n<p>Our main goal and service offered is business performance increase. Performance of your company can be increased by means of new products development, productivity increase but also by continuous improvement at all levels of your company.<\/p>\n<p><a href=\"http:\/\/neuronconsulting.com\/sluzby\/stihla-vyroba\/\">I want to know more about lean manufacturing<\/a>[\/vc_column_text][\/vc_tta_section][vc_tta_section title=&#8221;Interim management and consulting&#8221; tab_id=&#8221;1497991452028-3e9a3f94-1c39&#8243;][vc_column_text]<img decoding=\"async\" class=\"size-medium wp-image-2916 alignleft lazyload\" data-src=\"http:\/\/localhost\/neuronwp\/wp-content\/uploads\/2017\/05\/interim-transparent_en-300x192.png\" alt=\"\" width=\"300\" height=\"192\" data-srcset=\"https:\/\/neuronconsulting.com\/wp-content\/uploads\/2017\/05\/interim-transparent_en-300x192.png 300w, https:\/\/neuronconsulting.com\/wp-content\/uploads\/2017\/05\/interim-transparent_en.png 435w\" data-sizes=\"(max-width: 300px) 100vw, 300px\" src=\"data:image\/svg+xml;base64,PHN2ZyB3aWR0aD0iMSIgaGVpZ2h0PSIxIiB4bWxucz0iaHR0cDovL3d3dy53My5vcmcvMjAwMC9zdmciPjwvc3ZnPg==\" style=\"--smush-placeholder-width: 300px; --smush-placeholder-aspect-ratio: 300\/192;\" \/>A professional is arranged to work in a client\u2019s company for a fixed period of time. Interim manager is in charge of all processes within the company or entrusted department. Alternatively, based on agreement with our client, he focusses on a particular specialized objective \u2013 retail, recruitment, production management, purchase.<\/p>\n<p><a href=\"http:\/\/neuronconsulting.com\/sluzby\/interim-management-a-poradenstvi\/\">Take a look at the options we offer<\/a>[\/vc_column_text][\/vc_tta_section][vc_tta_section title=&#8221;Training, coaching and staff development&#8221; tab_id=&#8221;1497992276773-3a448eec-9602&#8243;][vc_column_text]<img decoding=\"async\" class=\"size-medium wp-image-2829 alignleft lazyload\" data-src=\"http:\/\/localhost\/neuronwp\/wp-content\/uploads\/2017\/05\/teacher-407360_640-300x212.jpg\" alt=\"\" width=\"300\" height=\"212\" data-srcset=\"https:\/\/neuronconsulting.com\/wp-content\/uploads\/2017\/05\/teacher-407360_640-300x212.jpg 300w, https:\/\/neuronconsulting.com\/wp-content\/uploads\/2017\/05\/teacher-407360_640.jpg 640w\" data-sizes=\"(max-width: 300px) 100vw, 300px\" src=\"data:image\/svg+xml;base64,PHN2ZyB3aWR0aD0iMSIgaGVpZ2h0PSIxIiB4bWxucz0iaHR0cDovL3d3dy53My5vcmcvMjAwMC9zdmciPjwvc3ZnPg==\" style=\"--smush-placeholder-width: 300px; --smush-placeholder-aspect-ratio: 300\/212;\" \/>We offer concept processing in the area of development of your company and employee groups, training and development plans processing of your employees.<\/p>\n<p><a href=\"http:\/\/neuronconsulting.com\/sluzby\/vzdelavani\/\">Find out how we can help you<\/a>[\/vc_column_text][\/vc_tta_section][vc_tta_section title=&#8221;Project Management&#8221; tab_id=&#8221;1497992360019-ac065eb7-49e4&#8243;][vc_column_text]<img decoding=\"async\" class=\"size-medium wp-image-2830 alignleft lazyload\" data-src=\"http:\/\/localhost\/neuronwp\/wp-content\/uploads\/2017\/05\/project-management-2061635_640-300x225.jpg\" alt=\"\" width=\"300\" height=\"225\" data-srcset=\"https:\/\/neuronconsulting.com\/wp-content\/uploads\/2017\/05\/project-management-2061635_640-300x225.jpg 300w, https:\/\/neuronconsulting.com\/wp-content\/uploads\/2017\/05\/project-management-2061635_640.jpg 640w\" data-sizes=\"(max-width: 300px) 100vw, 300px\" src=\"data:image\/svg+xml;base64,PHN2ZyB3aWR0aD0iMSIgaGVpZ2h0PSIxIiB4bWxucz0iaHR0cDovL3d3dy53My5vcmcvMjAwMC9zdmciPjwvc3ZnPg==\" style=\"--smush-placeholder-width: 300px; --smush-placeholder-aspect-ratio: 300\/225;\" \/>We offer management of projects by our qualified project manager. The advantage of such service is that our manager is not busy with daily processes.<\/p>\n<p><a href=\"http:\/\/neuronconsulting.com\/sluzby\/projektove-rizeni\/\">More about project management in our submission<\/a>[\/vc_column_text][\/vc_tta_section][\/vc_tta_accordion][\/vc_column][vc_column width=&#8221;1\/3&#8243;][vc_column_text]<strong>Contact us<\/strong>[\/vc_column_text][\/vc_column][\/vc_row]<\/p>\n<\/div>","protected":false},"excerpt":{"rendered":"<p>[vc_row][vc_column width=&#8221;2\/3&#8243;][vc_column_text]Our vision is to help you, our clients, to overcome competition, especially in the area of \u200b\u200bimproving the performance, efficiency and competitiveness in an increasingly challenging market environment. Our service is very complex, based on the latest findings and trends, which we adapt to the requirements of our business partners and clients. It also<\/p>\n","protected":false},"author":6,"featured_media":0,"parent":0,"menu_order":0,"comment_status":"closed","ping_status":"closed","template":"","meta":{"footnotes":""},"yoast_head":"<!-- This site is optimized with the Yoast SEO plugin v24.0 - https:\/\/yoast.com\/wordpress\/plugins\/seo\/ -->\n<title>Our services - Neuron consulting, s.r.o.<\/title>\n<meta name=\"robots\" content=\"index, follow, max-snippet:-1, max-image-preview:large, max-video-preview:-1\" \/>\n<link rel=\"canonical\" href=\"https:\/\/neuronconsulting.com\/nase-sluzby\/\" \/>\n<meta property=\"og:locale\" content=\"en_US\" \/>\n<meta property=\"og:type\" content=\"article\" \/>\n<meta property=\"og:title\" content=\"Our services - Neuron consulting, s.r.o.\" \/>\n<meta property=\"og:description\" content=\"[vc_row][vc_column width=&#8221;2\/3&#8243;][vc_column_text]Our vision is to help you, our clients, to overcome competition, especially in the area of \u200b\u200bimproving the performance, efficiency and competitiveness in an increasingly challenging market environment. Our service is very complex, based on the latest findings and trends, which we adapt to the requirements of our business partners and clients. It also\" \/>\n<meta property=\"og:url\" content=\"https:\/\/neuronconsulting.com\/nase-sluzby\/\" \/>\n<meta property=\"og:site_name\" content=\"Neuron consulting, s.r.o.\" \/>\n<meta property=\"article:modified_time\" content=\"2024-01-16T10:08:21+00:00\" \/>\n<meta property=\"og:image\" content=\"http:\/\/neuronconsulting.com\/wp-content\/uploads\/2015\/12\/neuron-14-300x200.jpg\" \/>\n<meta name=\"twitter:card\" content=\"summary_large_image\" \/>\n<meta name=\"twitter:label1\" content=\"Est. reading time\" \/>\n\t<meta name=\"twitter:data1\" content=\"3 minutes\" \/>\n<script type=\"application\/ld+json\" class=\"yoast-schema-graph\">{\"@context\":\"https:\/\/schema.org\",\"@graph\":[{\"@type\":\"WebPage\",\"@id\":\"https:\/\/neuronconsulting.com\/nase-sluzby\/\",\"url\":\"https:\/\/neuronconsulting.com\/nase-sluzby\/\",\"name\":\"Our services - Neuron consulting, s.r.o.\",\"isPartOf\":{\"@id\":\"https:\/\/neuronconsulting.com\/#website\"},\"primaryImageOfPage\":{\"@id\":\"https:\/\/neuronconsulting.com\/nase-sluzby\/#primaryimage\"},\"image\":{\"@id\":\"https:\/\/neuronconsulting.com\/nase-sluzby\/#primaryimage\"},\"thumbnailUrl\":\"http:\/\/localhost\/neuronwp\/wp-content\/uploads\/2017\/05\/interim-transparent_en-300x192.png\",\"datePublished\":\"2017-05-29T13:51:18+00:00\",\"dateModified\":\"2024-01-16T10:08:21+00:00\",\"breadcrumb\":{\"@id\":\"https:\/\/neuronconsulting.com\/nase-sluzby\/#breadcrumb\"},\"inLanguage\":\"en-US\",\"potentialAction\":[{\"@type\":\"ReadAction\",\"target\":[\"https:\/\/neuronconsulting.com\/nase-sluzby\/\"]}]},{\"@type\":\"ImageObject\",\"inLanguage\":\"en-US\",\"@id\":\"https:\/\/neuronconsulting.com\/nase-sluzby\/#primaryimage\",\"url\":\"http:\/\/localhost\/neuronwp\/wp-content\/uploads\/2017\/05\/interim-transparent_en-300x192.png\",\"contentUrl\":\"http:\/\/localhost\/neuronwp\/wp-content\/uploads\/2017\/05\/interim-transparent_en-300x192.png\"},{\"@type\":\"BreadcrumbList\",\"@id\":\"https:\/\/neuronconsulting.com\/nase-sluzby\/#breadcrumb\",\"itemListElement\":[{\"@type\":\"ListItem\",\"position\":1,\"name\":\"Home\",\"item\":\"https:\/\/neuronconsulting.com\/\"},{\"@type\":\"ListItem\",\"position\":2,\"name\":\"Na\u0161e slu\u017eby\"}]},{\"@type\":\"WebSite\",\"@id\":\"https:\/\/neuronconsulting.com\/#website\",\"url\":\"https:\/\/neuronconsulting.com\/\",\"name\":\"Neuron consulting, s.r.o.\",\"description\":\"Viz\u00ed na\u0161\u00ed spole\u010dnosti, je pomoci V\u00e1m, klient\u016fm, p\u0159ekonat konkurenci zejm\u00e9na v oblasti zvy\u0161ov\u00e1n\u00ed v\u00fdkonnosti, efektivity a konkurenceschopnosti, ve st\u00e1le n\u00e1ro\u010dn\u011bj\u0161\u00edm tr\u017en\u00edm prost\u0159ed\u00ed.\",\"publisher\":{\"@id\":\"https:\/\/neuronconsulting.com\/#organization\"},\"potentialAction\":[{\"@type\":\"SearchAction\",\"target\":{\"@type\":\"EntryPoint\",\"urlTemplate\":\"https:\/\/neuronconsulting.com\/?s={search_term_string}\"},\"query-input\":{\"@type\":\"PropertyValueSpecification\",\"valueRequired\":true,\"valueName\":\"search_term_string\"}}],\"inLanguage\":\"en-US\"},{\"@type\":\"Organization\",\"@id\":\"https:\/\/neuronconsulting.com\/#organization\",\"name\":\"Neuron Consulting, s.r.o.\",\"url\":\"https:\/\/neuronconsulting.com\/\",\"logo\":{\"@type\":\"ImageObject\",\"inLanguage\":\"en-US\",\"@id\":\"https:\/\/neuronconsulting.com\/#\/schema\/logo\/image\/\",\"url\":\"http:\/\/neuronconsulting.com\/wp-content\/uploads\/2017\/02\/Logo-FullHD.jpg\",\"contentUrl\":\"http:\/\/neuronconsulting.com\/wp-content\/uploads\/2017\/02\/Logo-FullHD.jpg\",\"width\":1920,\"height\":1080,\"caption\":\"Neuron Consulting, s.r.o.\"},\"image\":{\"@id\":\"https:\/\/neuronconsulting.com\/#\/schema\/logo\/image\/\"}}]}<\/script>\n<!-- \/ Yoast SEO plugin. -->","yoast_head_json":{"title":"Our services - Neuron consulting, s.r.o.","robots":{"index":"index","follow":"follow","max-snippet":"max-snippet:-1","max-image-preview":"max-image-preview:large","max-video-preview":"max-video-preview:-1"},"canonical":"https:\/\/neuronconsulting.com\/nase-sluzby\/","og_locale":"en_US","og_type":"article","og_title":"Our services - Neuron consulting, s.r.o.","og_description":"[vc_row][vc_column width=&#8221;2\/3&#8243;][vc_column_text]Our vision is to help you, our clients, to overcome competition, especially in the area of \u200b\u200bimproving the performance, efficiency and competitiveness in an increasingly challenging market environment. Our service is very complex, based on the latest findings and trends, which we adapt to the requirements of our business partners and clients. It also","og_url":"https:\/\/neuronconsulting.com\/nase-sluzby\/","og_site_name":"Neuron consulting, s.r.o.","article_modified_time":"2024-01-16T10:08:21+00:00","og_image":[{"url":"http:\/\/neuronconsulting.com\/wp-content\/uploads\/2015\/12\/neuron-14-300x200.jpg","type":"","width":"","height":""}],"twitter_card":"summary_large_image","twitter_misc":{"Est. reading time":"3 minutes"},"schema":{"@context":"https:\/\/schema.org","@graph":[{"@type":"WebPage","@id":"https:\/\/neuronconsulting.com\/nase-sluzby\/","url":"https:\/\/neuronconsulting.com\/nase-sluzby\/","name":"Our services - Neuron consulting, s.r.o.","isPartOf":{"@id":"https:\/\/neuronconsulting.com\/#website"},"primaryImageOfPage":{"@id":"https:\/\/neuronconsulting.com\/nase-sluzby\/#primaryimage"},"image":{"@id":"https:\/\/neuronconsulting.com\/nase-sluzby\/#primaryimage"},"thumbnailUrl":"http:\/\/localhost\/neuronwp\/wp-content\/uploads\/2017\/05\/interim-transparent_en-300x192.png","datePublished":"2017-05-29T13:51:18+00:00","dateModified":"2024-01-16T10:08:21+00:00","breadcrumb":{"@id":"https:\/\/neuronconsulting.com\/nase-sluzby\/#breadcrumb"},"inLanguage":"en-US","potentialAction":[{"@type":"ReadAction","target":["https:\/\/neuronconsulting.com\/nase-sluzby\/"]}]},{"@type":"ImageObject","inLanguage":"en-US","@id":"https:\/\/neuronconsulting.com\/nase-sluzby\/#primaryimage","url":"http:\/\/localhost\/neuronwp\/wp-content\/uploads\/2017\/05\/interim-transparent_en-300x192.png","contentUrl":"http:\/\/localhost\/neuronwp\/wp-content\/uploads\/2017\/05\/interim-transparent_en-300x192.png"},{"@type":"BreadcrumbList","@id":"https:\/\/neuronconsulting.com\/nase-sluzby\/#breadcrumb","itemListElement":[{"@type":"ListItem","position":1,"name":"Home","item":"https:\/\/neuronconsulting.com\/"},{"@type":"ListItem","position":2,"name":"Na\u0161e slu\u017eby"}]},{"@type":"WebSite","@id":"https:\/\/neuronconsulting.com\/#website","url":"https:\/\/neuronconsulting.com\/","name":"Neuron consulting, s.r.o.","description":"Viz\u00ed na\u0161\u00ed spole\u010dnosti, je pomoci V\u00e1m, klient\u016fm, p\u0159ekonat konkurenci zejm\u00e9na v oblasti zvy\u0161ov\u00e1n\u00ed v\u00fdkonnosti, efektivity a konkurenceschopnosti, ve st\u00e1le n\u00e1ro\u010dn\u011bj\u0161\u00edm tr\u017en\u00edm prost\u0159ed\u00ed.","publisher":{"@id":"https:\/\/neuronconsulting.com\/#organization"},"potentialAction":[{"@type":"SearchAction","target":{"@type":"EntryPoint","urlTemplate":"https:\/\/neuronconsulting.com\/?s={search_term_string}"},"query-input":{"@type":"PropertyValueSpecification","valueRequired":true,"valueName":"search_term_string"}}],"inLanguage":"en-US"},{"@type":"Organization","@id":"https:\/\/neuronconsulting.com\/#organization","name":"Neuron Consulting, s.r.o.","url":"https:\/\/neuronconsulting.com\/","logo":{"@type":"ImageObject","inLanguage":"en-US","@id":"https:\/\/neuronconsulting.com\/#\/schema\/logo\/image\/","url":"http:\/\/neuronconsulting.com\/wp-content\/uploads\/2017\/02\/Logo-FullHD.jpg","contentUrl":"http:\/\/neuronconsulting.com\/wp-content\/uploads\/2017\/02\/Logo-FullHD.jpg","width":1920,"height":1080,"caption":"Neuron Consulting, s.r.o."},"image":{"@id":"https:\/\/neuronconsulting.com\/#\/schema\/logo\/image\/"}}]}},"_links":{"self":[{"href":"https:\/\/neuronconsulting.com\/en\/wp-json\/wp\/v2\/pages\/2783"}],"collection":[{"href":"https:\/\/neuronconsulting.com\/en\/wp-json\/wp\/v2\/pages"}],"about":[{"href":"https:\/\/neuronconsulting.com\/en\/wp-json\/wp\/v2\/types\/page"}],"author":[{"embeddable":true,"href":"https:\/\/neuronconsulting.com\/en\/wp-json\/wp\/v2\/users\/6"}],"replies":[{"embeddable":true,"href":"https:\/\/neuronconsulting.com\/en\/wp-json\/wp\/v2\/comments?post=2783"}],"version-history":[{"count":33,"href":"https:\/\/neuronconsulting.com\/en\/wp-json\/wp\/v2\/pages\/2783\/revisions"}],"predecessor-version":[{"id":3743,"href":"https:\/\/neuronconsulting.com\/en\/wp-json\/wp\/v2\/pages\/2783\/revisions\/3743"}],"wp:attachment":[{"href":"https:\/\/neuronconsulting.com\/en\/wp-json\/wp\/v2\/media?parent=2783"}],"curies":[{"name":"wp","href":"https:\/\/api.w.org\/{rel}","templated":true}]}}